{"id":120,"date":"2022-10-05T09:52:10","date_gmt":"2022-10-05T07:52:10","guid":{"rendered":"http:\/\/golden-vegas.be\/?page_id=120"},"modified":"2022-10-05T12:25:29","modified_gmt":"2022-10-05T10:25:29","slug":"liste-lots","status":"publish","type":"page","link":"https:\/\/golden-vegas.be\/index.php\/liste-lots\/","title":{"rendered":"LISTE DE LOTS"},"content":{"rendered":"\n<div class=\"wp-block-columns is-layout-flex wp-container-core-columns-is-layout-9d6595d7 wp-block-columns-is-layout-flex\">\n<div class=\"wp-block-column is-layout-flow wp-block-column-is-layout-flow\" style=\"flex-basis:100%\">\n<div class=\"wp-block-columns are-vertically-aligned-top is-layout-flex wp-container-core-columns-is-layout-9d6595d7 wp-block-columns-is-layout-flex\">\n<div class=\"wp-block-column is-vertically-aligned-top is-layout-flow wp-block-column-is-layout-flow\" style=\"flex-basis:100%\"><\/div>\n<\/div>\n<\/div>\n<\/div>\n\n\n\n<figure class=\"wp-block-table aligncenter\"><table><tbody><tr><td>Samsung TV UHD 4K 43\u00a0\u00bb<\/td><td><img loading=\"lazy\" decoding=\"async\" width=\"150\" height=\"104\" class=\"wp-image-252\" style=\"width: 150px;\" src=\"http:\/\/golden-vegas.be\/wp-content\/uploads\/2022\/10\/TV-SAMSUNG.jpg\" alt=\"\" srcset=\"https:\/\/golden-vegas.be\/wp-content\/uploads\/2022\/10\/TV-SAMSUNG.jpg 679w, https:\/\/golden-vegas.be\/wp-content\/uploads\/2022\/10\/TV-SAMSUNG-300x208.jpg 300w\" sizes=\"auto, (max-width: 150px) 100vw, 150px\" \/><\/td><\/tr><tr><td>Console de jeu XBOX Series X<\/td><td><img loading=\"lazy\" decoding=\"async\" width=\"150\" height=\"214\" class=\"wp-image-253\" style=\"width: 150px;\" src=\"http:\/\/golden-vegas.be\/wp-content\/uploads\/2022\/10\/xbox.jpg\" alt=\"\" srcset=\"https:\/\/golden-vegas.be\/wp-content\/uploads\/2022\/10\/xbox.jpg 940w, https:\/\/golden-vegas.be\/wp-content\/uploads\/2022\/10\/xbox-211x300.jpg 211w, https:\/\/golden-vegas.be\/wp-content\/uploads\/2022\/10\/xbox-719x1024.jpg 719w, https:\/\/golden-vegas.be\/wp-content\/uploads\/2022\/10\/xbox-768x1094.jpg 768w, https:\/\/golden-vegas.be\/wp-content\/uploads\/2022\/10\/xbox-758x1080.jpg 758w\" sizes=\"auto, (max-width: 150px) 100vw, 150px\" \/><\/td><\/tr><tr><td>Frigo Am\u00e9ricain Exquisit Argent<\/td><td><img loading=\"lazy\" decoding=\"async\" width=\"150\" height=\"286\" class=\"wp-image-259\" style=\"width: 150px;\" src=\"http:\/\/golden-vegas.be\/wp-content\/uploads\/2022\/10\/frigo-americain.jpg\" alt=\"\" srcset=\"https:\/\/golden-vegas.be\/wp-content\/uploads\/2022\/10\/frigo-americain.jpg 630w, https:\/\/golden-vegas.be\/wp-content\/uploads\/2022\/10\/frigo-americain-158x300.jpg 158w, https:\/\/golden-vegas.be\/wp-content\/uploads\/2022\/10\/frigo-americain-538x1024.jpg 538w, https:\/\/golden-vegas.be\/wp-content\/uploads\/2022\/10\/frigo-americain-567x1080.jpg 567w\" sizes=\"auto, (max-width: 150px) 100vw, 150px\" \/><\/td><\/tr><tr><td>Smartphone Samsung Galaxy S20 FE<\/td><td><img loading=\"lazy\" decoding=\"async\" width=\"150\" height=\"191\" class=\"wp-image-249\" style=\"width: 150px;\" src=\"http:\/\/golden-vegas.be\/wp-content\/uploads\/2022\/10\/samsung-galaxy-s20.jpg\" alt=\"\" srcset=\"https:\/\/golden-vegas.be\/wp-content\/uploads\/2022\/10\/samsung-galaxy-s20.jpg 1175w, https:\/\/golden-vegas.be\/wp-content\/uploads\/2022\/10\/samsung-galaxy-s20-235x300.jpg 235w, https:\/\/golden-vegas.be\/wp-content\/uploads\/2022\/10\/samsung-galaxy-s20-802x1024.jpg 802w, https:\/\/golden-vegas.be\/wp-content\/uploads\/2022\/10\/samsung-galaxy-s20-768x980.jpg 768w, https:\/\/golden-vegas.be\/wp-content\/uploads\/2022\/10\/samsung-galaxy-s20-846x1080.jpg 846w\" sizes=\"auto, (max-width: 150px) 100vw, 150px\" \/><\/td><\/tr><tr><td>Appareil Photo Panasonic Lumix DMC-G70KA-EGK<\/td><td><img loading=\"lazy\" decoding=\"async\" width=\"150\" height=\"135\" class=\"wp-image-254\" style=\"width: 150px;\" src=\"http:\/\/golden-vegas.be\/wp-content\/uploads\/2022\/10\/appareil-photo.jpg\" alt=\"\" srcset=\"https:\/\/golden-vegas.be\/wp-content\/uploads\/2022\/10\/appareil-photo.jpg 1500w, https:\/\/golden-vegas.be\/wp-content\/uploads\/2022\/10\/appareil-photo-300x269.jpg 300w, https:\/\/golden-vegas.be\/wp-content\/uploads\/2022\/10\/appareil-photo-1024x920.jpg 1024w, https:\/\/golden-vegas.be\/wp-content\/uploads\/2022\/10\/appareil-photo-768x690.jpg 768w, https:\/\/golden-vegas.be\/wp-content\/uploads\/2022\/10\/appareil-photo-1203x1080.jpg 1203w\" sizes=\"auto, (max-width: 150px) 100vw, 150px\" \/><\/td><\/tr><tr><td>Tondeuse jardin Robot Yard Force<\/td><td><img loading=\"lazy\" decoding=\"async\" width=\"150\" height=\"101\" class=\"wp-image-250\" style=\"width: 150px;\" src=\"http:\/\/golden-vegas.be\/wp-content\/uploads\/2022\/10\/tondeuse-jardin.jpg\" alt=\"\" srcset=\"https:\/\/golden-vegas.be\/wp-content\/uploads\/2022\/10\/tondeuse-jardin.jpg 1500w, https:\/\/golden-vegas.be\/wp-content\/uploads\/2022\/10\/tondeuse-jardin-300x202.jpg 300w, https:\/\/golden-vegas.be\/wp-content\/uploads\/2022\/10\/tondeuse-jardin-1024x690.jpg 1024w, https:\/\/golden-vegas.be\/wp-content\/uploads\/2022\/10\/tondeuse-jardin-768x518.jpg 768w\" sizes=\"auto, (max-width: 150px) 100vw, 150px\" \/><\/td><\/tr><\/tbody><\/table><\/figure>\n\n\n\n\n\n<figure class=\"wp-block-table aligncenter\"><table><tbody><tr><td>Dyson aspirateur sans fil V8 Motorhead<\/td><td><img loading=\"lazy\" decoding=\"async\" width=\"150\" height=\"225\" class=\"wp-image-274\" style=\"width: 150px;\" src=\"http:\/\/golden-vegas.be\/wp-content\/uploads\/2022\/10\/Dyson.jpg\" alt=\"\" srcset=\"https:\/\/golden-vegas.be\/wp-content\/uploads\/2022\/10\/Dyson.jpg 642w, https:\/\/golden-vegas.be\/wp-content\/uploads\/2022\/10\/Dyson-200x300.jpg 200w\" sizes=\"auto, (max-width: 150px) 100vw, 150px\" \/><\/td><\/tr><tr><td>Ordinateur portable HP Chromebook<\/td><td><img loading=\"lazy\" decoding=\"async\" width=\"150\" height=\"100\" class=\"wp-image-261\" style=\"width: 150px;\" src=\"http:\/\/golden-vegas.be\/wp-content\/uploads\/2022\/10\/HP-PC-PORTABLE-CHROME-BOOK.jpg\" alt=\"\" srcset=\"https:\/\/golden-vegas.be\/wp-content\/uploads\/2022\/10\/HP-PC-PORTABLE-CHROME-BOOK.jpg 569w, https:\/\/golden-vegas.be\/wp-content\/uploads\/2022\/10\/HP-PC-PORTABLE-CHROME-BOOK-300x199.jpg 300w\" sizes=\"auto, (max-width: 150px) 100vw, 150px\" \/><\/td><\/tr><tr><td>Machine \u00e0 laver Thomson TW15100EU<\/td><td><img loading=\"lazy\" decoding=\"async\" width=\"150\" height=\"150\" class=\"wp-image-264\" style=\"width: 150px;\" src=\"http:\/\/golden-vegas.be\/wp-content\/uploads\/2022\/10\/machine-a-laver.jpg\" alt=\"\" srcset=\"https:\/\/golden-vegas.be\/wp-content\/uploads\/2022\/10\/machine-a-laver.jpg 450w, https:\/\/golden-vegas.be\/wp-content\/uploads\/2022\/10\/machine-a-laver-300x300.jpg 300w, https:\/\/golden-vegas.be\/wp-content\/uploads\/2022\/10\/machine-a-laver-150x150.jpg 150w\" sizes=\"auto, (max-width: 150px) 100vw, 150px\" \/><\/td><\/tr><tr><td>Trottinette \u00e9lectrique ZWHEEL<\/td><td><img loading=\"lazy\" decoding=\"async\" width=\"150\" height=\"221\" class=\"wp-image-251\" style=\"width: 150px;\" src=\"http:\/\/golden-vegas.be\/wp-content\/uploads\/2022\/10\/trotinette-electrique.jpg\" alt=\"\" srcset=\"https:\/\/golden-vegas.be\/wp-content\/uploads\/2022\/10\/trotinette-electrique.jpg 1020w, https:\/\/golden-vegas.be\/wp-content\/uploads\/2022\/10\/trotinette-electrique-204x300.jpg 204w, https:\/\/golden-vegas.be\/wp-content\/uploads\/2022\/10\/trotinette-electrique-696x1024.jpg 696w, https:\/\/golden-vegas.be\/wp-content\/uploads\/2022\/10\/trotinette-electrique-768x1129.jpg 768w, https:\/\/golden-vegas.be\/wp-content\/uploads\/2022\/10\/trotinette-electrique-734x1080.jpg 734w\" sizes=\"auto, (max-width: 150px) 100vw, 150px\" \/><\/td><\/tr><tr><td>Drone DJI Mini 2<\/td><td><img loading=\"lazy\" decoding=\"async\" width=\"150\" height=\"82\" class=\"wp-image-258\" style=\"width: 150px;\" src=\"http:\/\/golden-vegas.be\/wp-content\/uploads\/2022\/10\/drone.jpg\" alt=\"\" srcset=\"https:\/\/golden-vegas.be\/wp-content\/uploads\/2022\/10\/drone.jpg 1500w, https:\/\/golden-vegas.be\/wp-content\/uploads\/2022\/10\/drone-300x165.jpg 300w, https:\/\/golden-vegas.be\/wp-content\/uploads\/2022\/10\/drone-1024x562.jpg 1024w, https:\/\/golden-vegas.be\/wp-content\/uploads\/2022\/10\/drone-768x421.jpg 768w\" sizes=\"auto, (max-width: 150px) 100vw, 150px\" \/><\/td><\/tr><tr><td>Purificateur d&rsquo;air Dyson TP00 Pure Cool<\/td><td>        <img loading=\"lazy\" decoding=\"async\" width=\"73\" height=\"361\" class=\"wp-image-265\" style=\"width: 73px;\" src=\"http:\/\/golden-vegas.be\/wp-content\/uploads\/2022\/10\/purificateur-dair.jpg\" alt=\"\"><\/td><\/tr><\/tbody><\/table><\/figure>\n\n\n\n\n\n<figure class=\"wp-block-table aligncenter\"><table><tbody><tr><td>Apple Watch SE GPS 40mm<\/td><td><img loading=\"lazy\" decoding=\"async\" width=\"150\" height=\"175\" class=\"wp-image-255\" style=\"width: 150px;\" src=\"http:\/\/golden-vegas.be\/wp-content\/uploads\/2022\/10\/APPLE-WATCH-SE-GPS.jpg\" alt=\"\" srcset=\"https:\/\/golden-vegas.be\/wp-content\/uploads\/2022\/10\/APPLE-WATCH-SE-GPS.jpg 679w, https:\/\/golden-vegas.be\/wp-content\/uploads\/2022\/10\/APPLE-WATCH-SE-GPS-257x300.jpg 257w\" sizes=\"auto, (max-width: 150px) 100vw, 150px\" \/><\/td><\/tr><tr><td>S\u00e9jour de 3 jours \u00e0 Londres -Bongo<\/td><td><img loading=\"lazy\" decoding=\"async\" width=\"150\" height=\"71\" class=\"wp-image-256\" style=\"width: 150px;\" src=\"http:\/\/golden-vegas.be\/wp-content\/uploads\/2022\/10\/BONGO-LONDRES.png\" alt=\"\" srcset=\"https:\/\/golden-vegas.be\/wp-content\/uploads\/2022\/10\/BONGO-LONDRES.png 1830w, https:\/\/golden-vegas.be\/wp-content\/uploads\/2022\/10\/BONGO-LONDRES-300x143.png 300w, https:\/\/golden-vegas.be\/wp-content\/uploads\/2022\/10\/BONGO-LONDRES-1024x487.png 1024w, https:\/\/golden-vegas.be\/wp-content\/uploads\/2022\/10\/BONGO-LONDRES-768x366.png 768w, https:\/\/golden-vegas.be\/wp-content\/uploads\/2022\/10\/BONGO-LONDRES-1536x731.png 1536w\" sizes=\"auto, (max-width: 150px) 100vw, 150px\" \/><\/td><\/tr><tr><td>Machine \u00e0 caf\u00e9 \u00e0 grain Delonghi<\/td><td><img loading=\"lazy\" decoding=\"async\" width=\"150\" height=\"183\" class=\"wp-image-263\" style=\"width: 150px;\" src=\"http:\/\/golden-vegas.be\/wp-content\/uploads\/2022\/10\/machine-a-cafe-delonghi.jpg\" alt=\"\"><\/td><\/tr><tr><td>Home cin\u00e9ma Sony HT-S400<\/td><td><img loading=\"lazy\" decoding=\"async\" width=\"150\" height=\"83\" class=\"wp-image-260\" style=\"width: 150px;\" src=\"http:\/\/golden-vegas.be\/wp-content\/uploads\/2022\/10\/home-cinema.jpg\" alt=\"\" srcset=\"https:\/\/golden-vegas.be\/wp-content\/uploads\/2022\/10\/home-cinema.jpg 1500w, https:\/\/golden-vegas.be\/wp-content\/uploads\/2022\/10\/home-cinema-300x166.jpg 300w, https:\/\/golden-vegas.be\/wp-content\/uploads\/2022\/10\/home-cinema-1024x565.jpg 1024w, https:\/\/golden-vegas.be\/wp-content\/uploads\/2022\/10\/home-cinema-768x424.jpg 768w\" sizes=\"auto, (max-width: 150px) 100vw, 150px\" \/><\/td><\/tr><tr><td>Cam\u00e9ra GoPro Hero 8<\/td><td><img loading=\"lazy\" decoding=\"async\" width=\"150\" height=\"85\" class=\"wp-image-257\" style=\"width: 150px;\" src=\"http:\/\/golden-vegas.be\/wp-content\/uploads\/2022\/10\/camera-go-pro.jpg\" alt=\"\" srcset=\"https:\/\/golden-vegas.be\/wp-content\/uploads\/2022\/10\/camera-go-pro.jpg 1500w, https:\/\/golden-vegas.be\/wp-content\/uploads\/2022\/10\/camera-go-pro-300x170.jpg 300w, https:\/\/golden-vegas.be\/wp-content\/uploads\/2022\/10\/camera-go-pro-1024x580.jpg 1024w, https:\/\/golden-vegas.be\/wp-content\/uploads\/2022\/10\/camera-go-pro-768x435.jpg 768w\" sizes=\"auto, (max-width: 150px) 100vw, 150px\" \/><\/td><\/tr><tr><td>Lave vaisselle Proline DW4860SL<\/td><td><img loading=\"lazy\" decoding=\"async\" width=\"150\" height=\"150\" class=\"wp-image-262\" style=\"width: 150px;\" src=\"http:\/\/golden-vegas.be\/wp-content\/uploads\/2022\/10\/lave-vaisselle.jpg\" alt=\"\" srcset=\"https:\/\/golden-vegas.be\/wp-content\/uploads\/2022\/10\/lave-vaisselle.jpg 450w, https:\/\/golden-vegas.be\/wp-content\/uploads\/2022\/10\/lave-vaisselle-300x300.jpg 300w, https:\/\/golden-vegas.be\/wp-content\/uploads\/2022\/10\/lave-vaisselle-150x150.jpg 150w\" sizes=\"auto, (max-width: 150px) 100vw, 150px\" \/><\/td><\/tr><\/tbody><\/table><\/figure>\n\n\n\n\n\n<figure class=\"wp-block-table aligncenter\"><table><tbody><tr><td>Samsung Galaxy Tab A8 10,5\u00a0\u00bb<\/td><td><img loading=\"lazy\" decoding=\"async\" width=\"150\" height=\"99\" class=\"wp-image-123\" style=\"width: 150px;\" src=\"http:\/\/golden-vegas.be\/wp-content\/uploads\/2022\/10\/SAMSUNG-GALAXY-TAB-A8.jpg\" alt=\"\" srcset=\"https:\/\/golden-vegas.be\/wp-content\/uploads\/2022\/10\/SAMSUNG-GALAXY-TAB-A8.jpg 425w, https:\/\/golden-vegas.be\/wp-content\/uploads\/2022\/10\/SAMSUNG-GALAXY-TAB-A8-300x198.jpg 300w\" sizes=\"auto, (max-width: 150px) 100vw, 150px\" \/><\/td><\/tr><tr><td>Airpods Apple (3\u00e8me g\u00e9n\u00e9ration)<\/td><td><img loading=\"lazy\" decoding=\"async\" width=\"150\" height=\"217\" class=\"wp-image-122\" style=\"width: 150px;\" src=\"http:\/\/golden-vegas.be\/wp-content\/uploads\/2022\/10\/APPLE-AIRPODS.jpg\" alt=\"\" srcset=\"https:\/\/golden-vegas.be\/wp-content\/uploads\/2022\/10\/APPLE-AIRPODS.jpg 679w, https:\/\/golden-vegas.be\/wp-content\/uploads\/2022\/10\/APPLE-AIRPODS-208x300.jpg 208w\" sizes=\"auto, (max-width: 150px) 100vw, 150px\" \/><\/td><\/tr><tr><td>Vid\u00e9o Projecteur 5G Wifi Full HD<\/td><td><img loading=\"lazy\" decoding=\"async\" width=\"150\" height=\"153\" class=\"wp-image-125\" style=\"width: 150px;\" src=\"http:\/\/golden-vegas.be\/wp-content\/uploads\/2022\/10\/video-projecteur.jpg\" alt=\"\" srcset=\"https:\/\/golden-vegas.be\/wp-content\/uploads\/2022\/10\/video-projecteur.jpg 1413w, https:\/\/golden-vegas.be\/wp-content\/uploads\/2022\/10\/video-projecteur-294x300.jpg 294w, https:\/\/golden-vegas.be\/wp-content\/uploads\/2022\/10\/video-projecteur-1003x1024.jpg 1003w, https:\/\/golden-vegas.be\/wp-content\/uploads\/2022\/10\/video-projecteur-768x784.jpg 768w\" sizes=\"auto, (max-width: 150px) 100vw, 150px\" \/><\/td><\/tr><tr><td>V\u00e9lo tout chemin B&rsquo;Twin<\/td><td><img loading=\"lazy\" decoding=\"async\" width=\"150\" height=\"150\" class=\"wp-image-126\" style=\"width: 150px;\" src=\"http:\/\/golden-vegas.be\/wp-content\/uploads\/2022\/10\/VELO.jpg\" alt=\"\" srcset=\"https:\/\/golden-vegas.be\/wp-content\/uploads\/2022\/10\/VELO.jpg 960w, https:\/\/golden-vegas.be\/wp-content\/uploads\/2022\/10\/VELO-300x300.jpg 300w, https:\/\/golden-vegas.be\/wp-content\/uploads\/2022\/10\/VELO-150x150.jpg 150w, https:\/\/golden-vegas.be\/wp-content\/uploads\/2022\/10\/VELO-768x768.jpg 768w\" sizes=\"auto, (max-width: 150px) 100vw, 150px\" \/><\/td><\/tr><tr><td>Ecran Ordinateur HP M27fe 27\u00a0\u00bb<\/td><td><img loading=\"lazy\" decoding=\"async\" width=\"150\" height=\"111\" class=\"wp-image-127\" style=\"width: 150px;\" src=\"http:\/\/golden-vegas.be\/wp-content\/uploads\/2022\/10\/ecran-hp-ordinateur.jpg\" alt=\"\" srcset=\"https:\/\/golden-vegas.be\/wp-content\/uploads\/2022\/10\/ecran-hp-ordinateur.jpg 1500w, https:\/\/golden-vegas.be\/wp-content\/uploads\/2022\/10\/ecran-hp-ordinateur-300x221.jpg 300w, https:\/\/golden-vegas.be\/wp-content\/uploads\/2022\/10\/ecran-hp-ordinateur-1024x755.jpg 1024w, https:\/\/golden-vegas.be\/wp-content\/uploads\/2022\/10\/ecran-hp-ordinateur-768x566.jpg 768w\" sizes=\"auto, (max-width: 150px) 100vw, 150px\" \/><\/td><\/tr><tr><td>Moulinex Cookeo Multicuiseur 6L<\/td><td><img loading=\"lazy\" decoding=\"async\" width=\"150\" height=\"138\" class=\"wp-image-124\" style=\"width: 150px;\" src=\"http:\/\/golden-vegas.be\/wp-content\/uploads\/2022\/10\/moulinex.jpg\" alt=\"\" srcset=\"https:\/\/golden-vegas.be\/wp-content\/uploads\/2022\/10\/moulinex.jpg 1500w, https:\/\/golden-vegas.be\/wp-content\/uploads\/2022\/10\/moulinex-300x277.jpg 300w, https:\/\/golden-vegas.be\/wp-content\/uploads\/2022\/10\/moulinex-1024x945.jpg 1024w, https:\/\/golden-vegas.be\/wp-content\/uploads\/2022\/10\/moulinex-768x709.jpg 768w\" sizes=\"auto, (max-width: 150px) 100vw, 150px\" \/><\/td><\/tr><\/tbody><\/table><\/figure>\n","protected":false},"excerpt":{"rendered":"<p>Samsung TV UHD 4K 43\u00a0\u00bb Console de jeu XBOX Series X Frigo Am\u00e9ricain Exquisit Argent Smartphone Samsung Galaxy S20 FE Appareil Photo Panasonic Lumix DMC-G70KA-EGK Tondeuse jardin Robot Yard Force Dyson aspirateur sans fil V8 Motorhead Ordinateur portable HP Chromebook Machine \u00e0 laver Thomson TW15100EU Trottinette \u00e9lectrique ZWHEEL Drone DJI Mini 2 Purificateur d&rsquo;air Dyson [&hellip;]<\/p>\n","protected":false},"author":1,"featured_media":0,"parent":0,"menu_order":0,"comment_status":"closed","ping_status":"closed","template":"page-templates\/homepage.php","meta":{"footnotes":""},"class_list":["post-120","page","type-page","status-publish","hentry"],"_links":{"self":[{"href":"https:\/\/golden-vegas.be\/index.php\/wp-json\/wp\/v2\/pages\/120","targetHints":{"allow":["GET"]}}],"collection":[{"href":"https:\/\/golden-vegas.be\/index.php\/wp-json\/wp\/v2\/pages"}],"about":[{"href":"https:\/\/golden-vegas.be\/index.php\/wp-json\/wp\/v2\/types\/page"}],"author":[{"embeddable":true,"href":"https:\/\/golden-vegas.be\/index.php\/wp-json\/wp\/v2\/users\/1"}],"replies":[{"embeddable":true,"href":"https:\/\/golden-vegas.be\/index.php\/wp-json\/wp\/v2\/comments?post=120"}],"version-history":[{"count":16,"href":"https:\/\/golden-vegas.be\/index.php\/wp-json\/wp\/v2\/pages\/120\/revisions"}],"predecessor-version":[{"id":277,"href":"https:\/\/golden-vegas.be\/index.php\/wp-json\/wp\/v2\/pages\/120\/revisions\/277"}],"wp:attachment":[{"href":"https:\/\/golden-vegas.be\/index.php\/wp-json\/wp\/v2\/media?parent=120"}],"curies":[{"name":"wp","href":"https:\/\/api.w.org\/{rel}","templated":true}]}}